{"id":3,"date":"2023-03-09T15:10:56","date_gmt":"2023-03-09T15:10:56","guid":{"rendered":"https:\/\/lagrange.pt\/?page_id=3"},"modified":"2023-03-14T20:02:43","modified_gmt":"2023-03-14T20:02:43","slug":"privacy-policy","status":"publish","type":"page","link":"https:\/\/lagrange.pt\/index.php\/privacy-policy\/","title":{"rendered":"Privacy Policy"},"content":{"rendered":"\t\t<div data-elementor-type=\"wp-page\" data-elementor-id=\"3\" class=\"elementor elementor-3\">\n\t\t\t\t\t\t<section class=\"elementor-section elementor-top-section elementor-element elementor-element-7ac21852 elementor-section-boxed elementor-section-height-default elementor-section-height-default wpr-particle-no wpr-jarallax-no wpr-parallax-no wpr-sticky-section-no wpr-equal-height-no\" data-id=\"7ac21852\" data-element_type=\"section\" data-e-type=\"section\">\n\t\t\t\t\t\t<div class=\"elementor-container elementor-column-gap-default\">\n\t\t\t\t\t<div class=\"elementor-column elementor-col-100 elementor-top-column elementor-element elementor-element-45d3f912\" data-id=\"45d3f912\" data-element_type=\"column\" data-e-type=\"column\">\n\t\t\t<div class=\"elementor-widget-wrap elementor-element-populated\">\n\t\t\t\t\t\t<div class=\"elementor-element elementor-element-41b8ef1c elementor-widget elementor-widget-text-editor\" data-id=\"41b8ef1c\" data-element_type=\"widget\" data-e-type=\"widget\" data-widget_type=\"text-editor.default\">\n\t\t\t\t<div class=\"elementor-widget-container\">\n\t\t\t\t\t\t\t\t\t\n<p><b><i>Pol\u00edtica de Privacidade do Website www.lagrange.pt<\/i><\/b><\/p>\n<h2 class=\"wp-block-heading\">\u00a0<\/h2>\n<p><span style=\"font-weight: 400;\">O website www.lagrange.pt est\u00e1 comprometido em proteger a privacidade dos seus utilizadores e em garantir a seguran\u00e7a de todas as informa\u00e7\u00f5es pessoais recolhidas atrav\u00e9s do site. Esta Pol\u00edtica de Privacidade descreve como recolhemos, utilizamos, armazenamos e divulgamos as informa\u00e7\u00f5es pessoais dos utilizadores.<\/span><\/p>\n<h2>\u00a0<\/h2>\n<p><b>Recolha de Informa\u00e7\u00f5es Pessoais<\/b><\/p>\n<h2>\u00a0<\/h2>\n<p><span style=\"font-weight: 400;\">O website www.lagrange.pt recolhe informa\u00e7\u00f5es pessoais dos seus utilizadores apenas quando estas s\u00e3o fornecidas voluntariamente, como quando se inscrevem na nossa newsletter, preenchem um formul\u00e1rio de contacto ou fazem um agendamento atrav\u00e9s do site. As informa\u00e7\u00f5es pessoais que recolhemos podem incluir o nome, endere\u00e7o de email, n\u00famero de telefone, entre outras informa\u00e7\u00f5es relevantes.<\/span><\/p>\n<h2>\u00a0<\/h2>\n<p><b>Utiliza\u00e7\u00e3o de Informa\u00e7\u00f5es Pessoais<\/b><\/p>\n<h2>\u00a0<\/h2>\n<p><span style=\"font-weight: 400;\">As informa\u00e7\u00f5es pessoais recolhidas pelo website www.lagrange.pt s\u00e3o utilizadas para melhorar a experi\u00eancia dos utilizadores no site, fornecer produtos e solicitados pelos utilizadores e enviar informa\u00e7\u00f5es relevantes sobre os produtos e servi\u00e7os oferecidos pela empresa. Al\u00e9m disso, podemos utilizar as informa\u00e7\u00f5es pessoais para fins de marketing e publicidade, sempre com o consentimento do utilizador.<\/span><\/p>\n<h2>\u00a0<\/h2>\n<p><b>Armazenamento de Informa\u00e7\u00f5es Pessoais<\/b><\/p>\n<h2>\u00a0<\/h2>\n<p><span style=\"font-weight: 400;\">As informa\u00e7\u00f5es pessoais recolhidas pelo website www.lagrange.pt s\u00e3o armazenadas em servidores seguros e protegidos. Fazemos todos os esfor\u00e7os razo\u00e1veis para garantir a seguran\u00e7a das informa\u00e7\u00f5es pessoais dos utilizadores, mas n\u00e3o podemos garantir que estas estar\u00e3o totalmente protegidas contra viola\u00e7\u00f5es de seguran\u00e7a.<\/span><\/p>\n<h2>\u00a0<\/h2>\n<p><b>Divulga\u00e7\u00e3o de Informa\u00e7\u00f5es Pessoais<\/b><\/p>\n<h2>\u00a0<\/h2>\n<p><span style=\"font-weight: 400;\">O website www.lagrange.pt n\u00e3o divulga as informa\u00e7\u00f5es pessoais dos seus utilizadores a terceiros, a menos que seja exigido por lei ou seja necess\u00e1rio para cumprir uma ordem judicial ou processo legal.<\/span><\/p>\n<h2>\u00a0<\/h2>\n<p><b>Cookies<\/b><\/p>\n<h2>\u00a0<\/h2>\n<p><span style=\"font-weight: 400;\">O website www.lagrange.pt utiliza cookies para melhorar a experi\u00eancia do utilizador no site. Os cookies s\u00e3o pequenos arquivos de texto que s\u00e3o armazenados no computador do utilizador quando este visita o site. Os cookies n\u00e3o cont\u00eam informa\u00e7\u00f5es pessoais, mas podem ser utilizados para rastrear o comportamento do utilizador no site.<\/span><\/p>\n<h2>\u00a0<\/h2>\n<p><b>Altera\u00e7\u00f5es \u00e0 Pol\u00edtica de Privacidade<\/b><\/p>\n<h2>\u00a0<\/h2>\n<p><span style=\"font-weight: 400;\">O website www.lagrange.pt reserva-se o direito de alterar esta Pol\u00edtica de Privacidade a qualquer momento. As altera\u00e7\u00f5es ser\u00e3o publicadas no site e entrar\u00e3o em vigor imediatamente ap\u00f3s a publica\u00e7\u00e3o.<\/span><\/p>\n<h2>\u00a0<\/h2>\n<p><b>Contato<\/b><\/p>\n<h2>\u00a0<\/h2>\n<p><span style=\"font-weight: 400;\">Se tiver alguma d\u00favida ou preocupa\u00e7\u00e3o sobre esta Pol\u00edtica de Privacidade ou sobre as pr\u00e1ticas de privacidade do website www.lagrange.pt, por favor entre em contacto connosco atrav\u00e9s do endere\u00e7o de email: <\/span><a href=\"mailto:geral@lagrange.pt?subject=Informa\u00e7\u00f5es\"><span style=\"font-weight: 400;\">geral@lagrange.pt.<\/span><\/a><\/p>\n\t\t\t\t\t\t\t\t<\/div>\n\t\t\t\t<\/div>\n\t\t\t\t<div class=\"elementor-element elementor-element-7759921 elementor-widget elementor-widget-spacer\" data-id=\"7759921\" data-element_type=\"widget\" data-e-type=\"widget\" data-widget_type=\"spacer.default\">\n\t\t\t\t<div class=\"elementor-widget-container\">\n\t\t\t\t\t\t\t<div class=\"elementor-spacer\">\n\t\t\t<div class=\"elementor-spacer-inner\"><\/div>\n\t\t<\/div>\n\t\t\t\t\t\t<\/div>\n\t\t\t\t<\/div>\n\t\t\t\t\t<\/div>\n\t\t<\/div>\n\t\t\t\t\t<\/div>\n\t\t<\/section>\n\t\t\t\t<\/div>\n\t\t","protected":false},"excerpt":{"rendered":"<p>Pol\u00edtica de Privacidade do Website www.lagrange.pt \u00a0 O website www.lagrange.pt est\u00e1 comprometido em proteger a privacidade dos seus utilizadores e em garantir a seguran\u00e7a de todas as informa\u00e7\u00f5es pessoais recolhidas atrav\u00e9s do site. Esta Pol\u00edtica de Privacidade descreve como recolhemos, utilizamos, armazenamos e divulgamos as informa\u00e7\u00f5es pessoais dos utilizadores. \u00a0 Recolha de Informa\u00e7\u00f5es Pessoais \u00a0 O website www.lagrange.pt recolhe informa\u00e7\u00f5es pessoais dos seus utilizadores apenas quando estas s\u00e3o fornecidas voluntariamente, como quando se inscrevem na nossa newsletter, preenchem um formul\u00e1rio de contacto ou fazem um agendamento atrav\u00e9s do site. As informa\u00e7\u00f5es pessoais que recolhemos podem incluir o nome, endere\u00e7o de email, n\u00famero de telefone, entre outras informa\u00e7\u00f5es relevantes. \u00a0 Utiliza\u00e7\u00e3o de Informa\u00e7\u00f5es Pessoais \u00a0 As informa\u00e7\u00f5es pessoais recolhidas pelo website www.lagrange.pt s\u00e3o utilizadas para melhorar a experi\u00eancia dos utilizadores no site, fornecer produtos e solicitados pelos utilizadores e enviar informa\u00e7\u00f5es relevantes sobre os produtos e servi\u00e7os oferecidos pela empresa. Al\u00e9m disso, podemos utilizar as informa\u00e7\u00f5es pessoais para fins de marketing e publicidade, sempre com o consentimento do utilizador. \u00a0 Armazenamento de Informa\u00e7\u00f5es Pessoais \u00a0 As informa\u00e7\u00f5es pessoais recolhidas pelo website www.lagrange.pt s\u00e3o armazenadas em servidores seguros e protegidos. Fazemos todos os esfor\u00e7os razo\u00e1veis para garantir a seguran\u00e7a das informa\u00e7\u00f5es pessoais dos utilizadores, mas n\u00e3o podemos garantir que estas estar\u00e3o totalmente protegidas contra viola\u00e7\u00f5es de seguran\u00e7a. \u00a0 Divulga\u00e7\u00e3o de Informa\u00e7\u00f5es Pessoais \u00a0 O website www.lagrange.pt n\u00e3o divulga as informa\u00e7\u00f5es pessoais dos seus utilizadores a terceiros, a menos que seja exigido por lei ou seja necess\u00e1rio para cumprir uma ordem judicial ou processo legal. \u00a0 Cookies \u00a0 O website www.lagrange.pt utiliza cookies para melhorar a experi\u00eancia do utilizador no site. Os cookies s\u00e3o pequenos arquivos de texto que s\u00e3o armazenados no computador do utilizador quando este visita o site. Os cookies n\u00e3o cont\u00eam informa\u00e7\u00f5es pessoais, mas podem ser utilizados para rastrear o comportamento do utilizador no site. \u00a0 Altera\u00e7\u00f5es \u00e0 Pol\u00edtica de Privacidade \u00a0 O website www.lagrange.pt reserva-se o direito de alterar esta Pol\u00edtica de Privacidade a qualquer momento. As altera\u00e7\u00f5es ser\u00e3o publicadas no site e entrar\u00e3o em vigor imediatamente ap\u00f3s a publica\u00e7\u00e3o. \u00a0 Contato \u00a0 Se tiver alguma d\u00favida ou preocupa\u00e7\u00e3o sobre esta Pol\u00edtica de Privacidade ou sobre as pr\u00e1ticas de privacidade do website www.lagrange.pt, por favor entre em contacto connosco atrav\u00e9s do endere\u00e7o de email: geral@lagrange.pt.<\/p>\n","protected":false},"author":1,"featured_media":0,"parent":0,"menu_order":0,"comment_status":"closed","ping_status":"open","template":"elementor_header_footer","meta":{"_acf_changed":false,"_seopress_robots_primary_cat":"","_seopress_titles_title":"","_seopress_titles_desc":"","_seopress_robots_index":"","footnotes":""},"class_list":["post-3","page","type-page","status-publish","hentry","entry"],"acf":[],"_links":{"self":[{"href":"https:\/\/lagrange.pt\/index.php\/wp-json\/wp\/v2\/pages\/3","targetHints":{"allow":["GET"]}}],"collection":[{"href":"https:\/\/lagrange.pt\/index.php\/wp-json\/wp\/v2\/pages"}],"about":[{"href":"https:\/\/lagrange.pt\/index.php\/wp-json\/wp\/v2\/types\/page"}],"author":[{"embeddable":true,"href":"https:\/\/lagrange.pt\/index.php\/wp-json\/wp\/v2\/users\/1"}],"replies":[{"embeddable":true,"href":"https:\/\/lagrange.pt\/index.php\/wp-json\/wp\/v2\/comments?post=3"}],"version-history":[{"count":12,"href":"https:\/\/lagrange.pt\/index.php\/wp-json\/wp\/v2\/pages\/3\/revisions"}],"predecessor-version":[{"id":574,"href":"https:\/\/lagrange.pt\/index.php\/wp-json\/wp\/v2\/pages\/3\/revisions\/574"}],"wp:attachment":[{"href":"https:\/\/lagrange.pt\/index.php\/wp-json\/wp\/v2\/media?parent=3"}],"curies":[{"name":"wp","href":"https:\/\/api.w.org\/{rel}","templated":true}]}}