{"id":8,"date":"2023-03-09T15:23:06","date_gmt":"2023-03-09T15:23:06","guid":{"rendered":"https:\/\/lagrange.pt\/?page_id=8"},"modified":"2026-01-25T19:26:05","modified_gmt":"2026-01-25T19:26:05","slug":"home","status":"publish","type":"page","link":"https:\/\/lagrange.pt\/","title":{"rendered":"home"},"content":{"rendered":"<style>\/*! elementor - v3.11.5 - 14-03-2023 *\/\n.elementor-widget-image{text-align:center}.elementor-widget-image a{display:inline-block}.elementor-widget-image a img[src$=\".svg\"]{width:48px}.elementor-widget-image img{vertical-align:middle;display:inline-block}<\/style>\n<p>\t\t\t\t\t\t\t\t\t\t\t\t<img loading=\"lazy\" decoding=\"async\" width=\"700\" height=\"700\" src=\"https:\/\/lagrange.pt\/wp-content\/uploads\/2023\/03\/Group-3.png\" alt=\"\" loading=\"lazy\" srcset=\"https:\/\/lagrange.pt\/wp-content\/uploads\/2023\/03\/Group-3.png 700w, https:\/\/lagrange.pt\/wp-content\/uploads\/2023\/03\/Group-3-300x300.png 300w, https:\/\/lagrange.pt\/wp-content\/uploads\/2023\/03\/Group-3-150x150.png 150w\" sizes=\"auto, (max-width: 700px) 100vw, 700px\" \/><br \/>\n\t\t\t\t\t\t\t\t\t\t\t\t\t\t\t<img loading=\"lazy\" decoding=\"async\" width=\"80\" height=\"98\" src=\"https:\/\/lagrange.pt\/wp-content\/uploads\/2023\/03\/Logotipo-1.png\" alt=\"\" loading=\"lazy\" \/>\t\t\t\t\t\t\t\t\t\t\t\t\t\t\t<\/p>\n<style>\/*! elementor - v3.11.5 - 14-03-2023 *\/\n.elementor-heading-title{padding:0;margin:0;line-height:1}.elementor-widget-heading .elementor-heading-title[class*=elementor-size-]>a{color:inherit;font-size:inherit;line-height:inherit}.elementor-widget-heading .elementor-heading-title.elementor-size-small{font-size:15px}.elementor-widget-heading .elementor-heading-title.elementor-size-medium{font-size:19px}.elementor-widget-heading .elementor-heading-title.elementor-size-large{font-size:29px}.elementor-widget-heading .elementor-heading-title.elementor-size-xl{font-size:39px}.elementor-widget-heading .elementor-heading-title.elementor-size-xxl{font-size:59px}<\/style>\n<h2>La Grange<\/h2>\n<h2>Presta\u00e7\u00e3o de Cuidados de Sa\u00fade<br \/>\nEstomatologia e Medicina Dent\u00e1ria<br \/>\n<\/h2>\n<p>Somos um Consult\u00f3rio M\u00e9dico na \u00e1rea da Estomatologia e Medicina Dent\u00e1ria Inscrito na ERS (Entidade Reguladora da Sa\u00fade).<\/p>\n<p>\t\t\t<a href=\"https:\/\/api.whatsapp.com\/send?phone=351911166403&#038;text=Gostaria%20de%20agendar%20um%20atendimento!\" target=\"_blank\" role=\"button\" rel=\"noopener\"><br \/>\n\t\t\t\t<svg xmlns=\"http:\/\/www.w3.org\/2000\/svg\" width=\"48\" height=\"47\" viewBox=\"0 0 48 47\" fill=\"none\"><path d=\"M9.75005 22.1597H12.5876C12.9813 22.1597 13.3125 22.025 13.5938 21.7497C13.8688 21.4804 14.0063 21.1499 14.0063 20.7583V17.9554C14.0063 17.5698 13.8688 17.2394 13.5938 16.964C13.3125 16.6886 12.9813 16.554 12.5876 16.554H9.75005C9.3563 16.554 9.02505 16.6886 8.7438 16.964C8.4688 17.2394 8.3313 17.5698 8.3313 17.9554V20.7583C8.3313 21.1499 8.4688 21.4804 8.7438 21.7497C9.02505 22.025 9.3563 22.1597 9.75005 22.1597ZM9.75005 17.9554H12.5876V20.7583H9.75005V17.9554Z\" fill=\"white\"><\/path><path d=\"M18.2625 22.1597H21.1062C21.4938 22.1597 21.8312 22.025 22.1062 21.7497C22.3812 21.4804 22.525 21.1499 22.525 20.7583V17.9554C22.525 17.5698 22.3812 17.2394 22.1062 16.964C21.8312 16.6886 21.4938 16.554 21.1062 16.554H18.2625C17.875 16.554 17.5375 16.6886 17.2625 16.964C16.9812 17.2394 16.8438 17.5698 16.8438 17.9554V20.7583C16.8438 21.1499 16.9812 21.4804 17.2625 21.7497C17.5375 22.025 17.875 22.1597 18.2625 22.1597ZM18.2625 17.9554H21.1062V20.7583H18.2625V17.9554Z\" fill=\"white\"><\/path><path d=\"M26.7813 22.1597H29.6188C30.0125 22.1597 30.3438 22.025 30.6251 21.7497C30.9001 21.4804 31.0375 21.1499 31.0375 20.7583V17.9554C31.0375 17.5698 30.9001 17.2394 30.6251 16.964C30.3438 16.6886 30.0125 16.554 29.6188 16.554H26.7813C26.3876 16.554 26.0563 16.6886 25.7751 16.964C25.5001 17.2394 25.3625 17.5698 25.3625 17.9554V20.7583C25.3625 21.1499 25.5001 21.4804 25.7751 21.7497C26.0563 22.025 26.3876 22.1597 26.7813 22.1597ZM26.7813 17.9554H29.6188V20.7583H26.7813V17.9554Z\" fill=\"white\"><\/path><path d=\"M35.2937 22.1597H38.1375C38.525 22.1597 38.8625 22.025 39.1375 21.7497C39.4187 21.4804 39.5562 21.1499 39.5562 20.7583V17.9554C39.5562 17.5698 39.4187 17.2394 39.1375 16.964C38.8625 16.6886 38.525 16.554 38.1375 16.554H35.2937C34.9062 16.554 34.5687 16.6886 34.2937 16.964C34.0187 17.2394 33.875 17.5698 33.875 17.9554V20.7583C33.875 21.1499 34.0187 21.4804 34.2937 21.7497C34.5687 22.025 34.9062 22.1597 35.2937 22.1597ZM35.2937 17.9554H38.1375V20.7583H35.2937V17.9554Z\" fill=\"white\"><\/path><path d=\"M8.3313 28.4753C8.3313 28.8609 8.4688 29.1913 8.7438 29.4667C9.02505 29.7421 9.3563 29.8767 9.75005 29.8767H12.5876C12.9813 29.8767 13.3125 29.7421 13.5938 29.4667C13.8688 29.1913 14.0063 28.8609 14.0063 28.4753V25.6663C14.0063 25.2808 13.8688 24.9503 13.5938 24.6749C13.3125 24.4056 12.9813 24.2649 12.5876 24.2649H9.75005C9.3563 24.2649 9.02505 24.4056 8.7438 24.6749C8.4688 24.9503 8.3313 25.2808 8.3313 25.6663V28.4753ZM9.75005 25.6663H12.5876V28.4753H9.75005V25.6663Z\" fill=\"white\"><\/path><path d=\"M16.8438 28.1267C16.8438 28.5122 16.9812 28.8427 17.2625 29.1181C17.5375 29.3874 17.875 29.5281 18.2625 29.5281H21.1062C21.4938 29.5281 21.8312 29.3874 22.1062 29.1181C22.3812 28.8427 22.525 28.5122 22.525 28.1267V25.3177C22.525 24.9321 22.3812 24.6017 22.1062 24.3263C21.8312 24.0509 21.4938 23.9163 21.1062 23.9163H18.2625C17.875 23.9163 17.5375 24.0509 17.2625 24.3263C16.9812 24.6017 16.8438 24.9321 16.8438 25.3177V28.1267ZM18.2625 25.3177H21.1062V28.1267H18.2625V25.3177Z\" fill=\"white\"><\/path><path d=\"M25.3625 28.1267C25.3625 28.5122 25.5001 28.8427 25.7751 29.1181C26.0563 29.3874 26.3876 29.5281 26.7813 29.5281H29.6188C30.0125 29.5281 30.3438 29.3874 30.6251 29.1181C30.9001 28.8427 31.0375 28.5122 31.0375 28.1267V25.3177C31.0375 24.9321 30.9001 24.6017 30.6251 24.3263C30.3438 24.0509 30.0125 23.9163 29.6188 23.9163H26.7813C26.3876 23.9163 26.0563 24.0509 25.7751 24.3263C25.5001 24.6017 25.3625 24.9321 25.3625 25.3177V28.1267ZM26.7813 25.3177H29.6188V28.1267H26.7813V25.3177Z\" fill=\"white\"><\/path><path d=\"M33.875 28.1267C33.875 28.5122 34.0187 28.8427 34.2937 29.1181C34.5687 29.3874 34.9062 29.5281 35.2937 29.5281H38.1375C38.525 29.5281 38.8625 29.3874 39.1375 29.1181C39.4187 28.8427 39.5562 28.5122 39.5562 28.1267V25.3177C39.5562 24.9321 39.4187 24.6017 39.1375 24.3263C38.8625 24.0509 38.525 23.9163 38.1375 23.9163H35.2937C34.9062 23.9163 34.5687 24.0509 34.2937 24.3263C34.0187 24.6017 33.875 24.9321 33.875 25.3177V28.1267ZM35.2937 25.3177H38.1375V28.1267H35.2937V25.3177Z\" fill=\"white\"><\/path><path d=\"M8.3313 35.4887C8.3313 35.8743 8.4688 36.2048 8.7438 36.4801C9.02505 36.7555 9.3563 36.8902 9.75005 36.8902H12.5876C12.9813 36.8902 13.3125 36.7555 13.5938 36.4801C13.8688 36.2048 14.0063 35.8743 14.0063 35.4887V32.6798C14.0063 32.2942 13.8688 31.9637 13.5938 31.6883C13.3125 31.4191 12.9813 31.2783 12.5876 31.2783H9.75005C9.3563 31.2783 9.02505 31.4191 8.7438 31.6883C8.4688 31.9637 8.3313 32.2942 8.3313 32.6798V35.4887ZM9.75005 32.6798H12.5876V35.4887H9.75005V32.6798Z\" fill=\"white\"><\/path><path d=\"M16.8438 35.4887C16.8438 35.8743 16.9812 36.2048 17.2625 36.4801C17.5375 36.7555 17.875 36.8902 18.2625 36.8902H21.1062C21.4938 36.8902 21.8312 36.7555 22.1062 36.4801C22.3812 36.2048 22.525 35.8743 22.525 35.4887V32.6798C22.525 32.2942 22.3812 31.9637 22.1062 31.6883C21.8312 31.4191 21.4938 31.2783 21.1062 31.2783H18.2625C17.875 31.2783 17.5375 31.4191 17.2625 31.6883C16.9812 31.9637 16.8438 32.2942 16.8438 32.6798V35.4887ZM18.2625 32.6798H21.1062V35.4887H18.2625V32.6798Z\" fill=\"white\"><\/path><path d=\"M25.3625 35.4887C25.3625 35.8743 25.5001 36.2048 25.7751 36.4801C26.0563 36.7555 26.3876 36.8902 26.7813 36.8902H29.6188C30.0125 36.8902 30.3438 36.7555 30.6251 36.4801C30.9001 36.2048 31.0375 35.8743 31.0375 35.4887V32.6798C31.0375 32.2942 30.9001 31.9637 30.6251 31.6883C30.3438 31.4191 30.0125 31.2783 29.6188 31.2783H26.7813C26.3876 31.2783 26.0563 31.4191 25.7751 31.6883C25.5001 31.9637 25.3625 32.2942 25.3625 32.6798V35.4887ZM26.7813 32.6798H29.6188V35.4887H26.7813V32.6798Z\" fill=\"white\"><\/path><mask id=\"mask0_94_66\" style=\"mask-type:luminance\" maskUnits=\"userSpaceOnUse\" x=\"4\" y=\"1\" width=\"40\" height=\"43\"><path d=\"M4.78125 1.82983H43.1062V43.9034H4.78125V1.82983Z\" fill=\"white\"><\/path><\/mask><g mask=\"url(#mask0_94_66)\"><path d=\"M39.5562 4.63271H37.425V4.27777C37.425 3.95342 37.3625 3.64131 37.2375 3.34144C37.1125 3.04157 36.9312 2.7723 36.7 2.54587C36.4625 2.31331 36.1937 2.13584 35.8937 2.01344C35.5875 1.88493 35.2687 1.82373 34.9437 1.82373C34.6125 1.82373 34.2937 1.88493 33.9937 2.01344C33.6875 2.13584 33.4187 2.31331 33.1875 2.54587C32.95 2.7723 32.775 3.04157 32.65 3.34144C32.5187 3.64131 32.4562 3.95342 32.4562 4.27777V4.63271H26.425V4.27777C26.425 3.95342 26.3625 3.64131 26.2375 3.34144C26.1125 3.04157 25.9312 2.7723 25.7 2.54587C25.4625 2.31331 25.1937 2.13584 24.8937 2.01344C24.5875 1.88493 24.2687 1.82373 23.9437 1.82373C23.6125 1.82373 23.2937 1.88493 22.9937 2.01344C22.6875 2.13584 22.4188 2.31331 22.1875 2.54587C21.95 2.7723 21.775 3.04157 21.65 3.34144C21.5187 3.64131 21.4562 3.95342 21.4562 4.27777V4.63271H15.425V4.27777C15.425 3.95342 15.3625 3.64131 15.2375 3.34144C15.1125 3.04157 14.9312 2.7723 14.7 2.54587C14.4625 2.31331 14.1937 2.13584 13.8937 2.01344C13.5875 1.88493 13.2687 1.82373 12.9437 1.82373C12.6125 1.82373 12.2938 1.88493 11.9938 2.01344C11.6875 2.13584 11.4188 2.31331 11.1875 2.54587C10.95 2.7723 10.775 3.04157 10.65 3.34144C10.5188 3.64131 10.4562 3.95342 10.4562 4.27777V4.63271H8.33125C7.85625 4.63271 7.40625 4.71839 6.96875 4.89587C6.5375 5.07334 6.15625 5.33037 5.81875 5.66084C5.4875 5.98519 5.23125 6.36462 5.05 6.793C4.86875 7.22751 4.78125 7.67425 4.78125 8.13935V29.8769C4.78125 30.0727 4.85 30.2379 4.9875 30.3726C5.125 30.5072 5.29375 30.5806 5.4875 30.5806C5.6875 30.5806 5.85625 30.5072 5.99375 30.3726C6.13125 30.2379 6.2 30.0727 6.2 29.8769V14.4489H41.6812V31.2783C41.6812 31.4741 41.6125 31.6394 41.475 31.774C41.3375 31.9147 41.1687 31.9821 40.975 31.9821H37.425C36.9562 31.9821 36.5 32.0739 36.0687 32.2513C35.6312 32.4288 35.25 32.6797 34.9187 33.0102C34.5875 33.3407 34.3312 33.714 34.15 34.1485C33.9687 34.5769 33.875 35.0236 33.875 35.4887V38.9953C33.875 39.1851 33.8062 39.3503 33.6687 39.491C33.5312 39.6257 33.3625 39.693 33.1687 39.693L8.33125 39.6502C8.04375 39.6502 7.775 39.6012 7.5125 39.491C7.25625 39.387 7.025 39.234 6.825 39.0382C6.625 38.8362 6.46875 38.6098 6.3625 38.3528C6.25625 38.0957 6.2 37.8265 6.2 37.5511V35.4887C6.2 35.2929 6.13125 35.1276 5.99375 34.993C5.85625 34.8522 5.6875 34.7849 5.4875 34.7849C5.29375 34.7849 5.125 34.8522 4.9875 34.993C4.85 35.1276 4.78125 35.2929 4.78125 35.4887V40.3968C4.78125 40.8619 4.86875 41.3086 5.05 41.737C5.23125 42.1654 5.4875 42.5448 5.81875 42.8753C6.15625 43.2058 6.5375 43.4567 6.96875 43.6341C7.40625 43.8116 7.85625 43.9034 8.33125 43.9034H39.5562C40.025 43.9034 40.475 43.8116 40.9125 43.6341C41.3438 43.4567 41.7312 43.2058 42.0625 42.8753C42.3937 42.5448 42.65 42.1654 42.8312 41.737C43.0125 41.3086 43.1 40.8619 43.1062 40.3968V8.13935C43.1 7.67425 43.0125 7.22751 42.8312 6.793C42.65 6.36462 42.3937 5.98519 42.0625 5.66084C41.7312 5.33037 41.3438 5.07334 40.9125 4.89587C40.475 4.71839 40.025 4.63271 39.5562 4.63271ZM33.875 4.27777C33.875 3.99014 33.9812 3.73923 34.1875 3.53727C34.4 3.3292 34.65 3.22516 34.9437 3.22516C35.2375 3.22516 35.4875 3.3292 35.6937 3.53727C35.9 3.73923 36.0062 3.99014 36.0062 4.27777V7.08675C36.0062 7.37438 35.9 7.62529 35.6937 7.82725C35.4875 8.03532 35.2375 8.13935 34.9437 8.13935C34.65 8.13935 34.4 8.03532 34.1875 7.82725C33.9812 7.62529 33.875 7.37438 33.875 7.08675V4.27777ZM22.875 4.27777C22.875 3.99014 22.9812 3.73923 23.1875 3.53727C23.4 3.3292 23.65 3.22516 23.9437 3.22516C24.2375 3.22516 24.4875 3.3292 24.6937 3.53727C24.9 3.73923 25.0062 3.99014 25.0062 4.27777V7.08675C25.0062 7.37438 24.9 7.62529 24.6937 7.82725C24.4875 8.03532 24.2375 8.13935 23.9437 8.13935C23.65 8.13935 23.4 8.03532 23.1875 7.82725C22.9812 7.62529 22.875 7.37438 22.875 7.08675V4.27777ZM11.875 4.27777C11.875 3.99014 11.9812 3.73923 12.1875 3.53727C12.4 3.3292 12.65 3.22516 12.9437 3.22516C13.2375 3.22516 13.4875 3.3292 13.6937 3.53727C13.9 3.73923 14.0062 3.99014 14.0062 4.27777V7.08675C14.0062 7.37438 13.9 7.62529 13.6937 7.82725C13.4875 8.03532 13.2375 8.13935 12.9437 8.13935C12.65 8.13935 12.4 8.03532 12.1875 7.82725C11.9812 7.62529 11.875 7.37438 11.875 7.08675V4.27777ZM6.2 13.0474V8.13935C6.2 7.85785 6.25625 7.58857 6.3625 7.33154C6.46875 7.07451 6.625 6.84808 6.825 6.64613C7.025 6.45029 7.25625 6.2973 7.5125 6.19326C7.775 6.08311 8.04375 6.03415 8.33125 6.03415H10.4562V7.08675C10.4562 7.4111 10.5188 7.72321 10.65 8.02308C10.775 8.32295 10.95 8.59222 11.1875 8.81865C11.4188 9.0512 11.6875 9.22868 11.9938 9.35107C12.2938 9.47959 12.6125 9.54079 12.9437 9.54079C13.2687 9.54079 13.5875 9.47959 13.8937 9.35107C14.1937 9.22868 14.4625 9.0512 14.7 8.81865C14.9312 8.59222 15.1125 8.32295 15.2375 8.02308C15.3625 7.72321 15.425 7.4111 15.425 7.08675V6.03415H21.4562V7.08675C21.4562 7.4111 21.5187 7.72321 21.65 8.02308C21.775 8.32295 21.95 8.59222 22.1875 8.81865C22.4188 9.0512 22.6875 9.22868 22.9937 9.35107C23.2937 9.47959 23.6125 9.54079 23.9437 9.54079C24.2687 9.54079 24.5875 9.47959 24.8937 9.35107C25.1937 9.22868 25.4625 9.0512 25.7 8.81865C25.9312 8.59222 26.1125 8.32295 26.2375 8.02308C26.3625 7.72321 26.425 7.4111 26.425 7.08675V6.03415H32.4562V7.08675C32.4562 7.4111 32.5187 7.72321 32.65 8.02308C32.775 8.32295 32.95 8.59222 33.1875 8.81865C33.4187 9.0512 33.6875 9.22868 33.9937 9.35107C34.2937 9.47959 34.6125 9.54079 34.9437 9.54079C35.2687 9.54079 35.5875 9.47959 35.8937 9.35107C36.1937 9.22868 36.4625 9.0512 36.7 8.81865C36.9312 8.59222 37.1125 8.32295 37.2375 8.02308C37.3625 7.72321 37.425 7.4111 37.425 7.08675V6.03415H39.5562C39.8375 6.03415 40.1062 6.08311 40.3687 6.19326C40.6312 6.2973 40.8625 6.45029 41.0625 6.64613C41.2625 6.84808 41.4125 7.07451 41.5187 7.33154C41.6312 7.58857 41.6812 7.85785 41.6812 8.13935V13.0474H6.2ZM35.2937 35.4887C35.2937 35.2072 35.35 34.9379 35.4562 34.6809C35.5687 34.4239 35.7187 34.1974 35.9187 34.0016C36.1187 33.7996 36.35 33.6528 36.6125 33.5426C36.875 33.4386 37.1437 33.3835 37.425 33.3835H40.6812L35.2937 38.7077V35.4887ZM39.5562 42.502H8.33125C8.04375 42.502 7.7625 42.4469 7.5 42.3306C7.2375 42.2205 7.00625 42.0675 6.8 41.8594C6.6 41.6575 6.45 41.4249 6.34375 41.1556C6.24375 40.8925 6.19375 40.6171 6.2 40.3356C6.825 40.8129 7.53125 41.0516 8.325 41.0577L33.4 41.1005C34.3875 41.1005 35.225 40.7578 35.925 40.0663L41.6812 34.3749V40.3968C41.6812 40.6783 41.6312 40.9414 41.5187 41.2046C41.4125 41.4616 41.2625 41.688 41.0625 41.8839C40.8625 42.0797 40.6312 42.2327 40.3687 42.3429C40.1062 42.4469 39.8375 42.502 39.5562 42.502Z\" fill=\"white\"><\/path><\/g><mask id=\"mask1_94_66\" style=\"mask-type:luminance\" maskUnits=\"userSpaceOnUse\" x=\"4\" y=\"31\" width=\"3\" height=\"4\"><path d=\"M4.78125 31.3333H6.4V34.4666H4.78125V31.3333Z\" fill=\"white\"><\/path><\/mask><g mask=\"url(#mask1_94_66)\"><path d=\"M6.2 32.6796C6.2 32.8754 6.13125 33.0407 5.99375 33.1753C5.85625 33.316 5.6875 33.3834 5.4875 33.3834C5.29375 33.3834 5.125 33.316 4.9875 33.1753C4.85 33.0407 4.78125 32.8754 4.78125 32.6796C4.78125 32.4899 4.85 32.3246 4.9875 32.1839C5.125 32.0493 5.29375 31.9819 5.4875 31.9819C5.6875 31.9819 5.85625 32.0493 5.99375 32.1839C6.13125 32.3246 6.2 32.4899 6.2 32.6796Z\" fill=\"white\"><\/path><\/g><\/svg><br \/>\n\t\t\t\t\t\tMARCAR CONSULTA<br \/>\n\t\t\t\t\t<\/a><\/p>\n<style>\/*! elementor - v3.11.5 - 14-03-2023 *\/\n.elementor-column .elementor-spacer-inner{height:var(--spacer-size)}.e-con{--container-widget-width:100%}.e-con-inner>.elementor-widget-spacer,.e-con>.elementor-widget-spacer{width:var(--container-widget-width,var(--spacer-size));--align-self:var(--container-widget-align-self,initial);--flex-shrink:0}.e-con-inner>.elementor-widget-spacer>.elementor-widget-container,.e-con-inner>.elementor-widget-spacer>.elementor-widget-container>.elementor-spacer,.e-con>.elementor-widget-spacer>.elementor-widget-container,.e-con>.elementor-widget-spacer>.elementor-widget-container>.elementor-spacer{height:100%}.e-con-inner>.elementor-widget-spacer>.elementor-widget-container>.elementor-spacer>.elementor-spacer-inner,.e-con>.elementor-widget-spacer>.elementor-widget-container>.elementor-spacer>.elementor-spacer-inner{height:var(--container-widget-height,var(--spacer-size))}<\/style>\n<p>\t\t\t\t\t\t\t\t\t\t\t\t\t\t\t\t<a href=\"https:\/\/lagrange.pt\/index.php\/oclusao\/\"><br \/>\n\t\t\t\t\t\t\t<img decoding=\"async\" src=\"https:\/\/lagrange.pt\/wp-content\/uploads\/2023\/03\/Ortodontia-2.svg\" title=\"Ortodontia 2\" alt=\"Ortodontia 2\" loading=\"lazy\" \/>\t\t\t\t\t\t\t\t<\/a><\/p>\n<h2><a href=\"https:\/\/lagrange.pt\/index.php\/oclusao\/\">OCLUS\u00c3O &#8211; DTM<\/a><\/h2>\n<p>\t\t\t\t\t\t\t\t\t\t\t\t\t\t\t\t<a href=\"https:\/\/lagrange.pt\/index.php\/implantologia-oral\/\"><br \/>\n\t\t\t\t\t\t\t<img decoding=\"async\" src=\"https:\/\/lagrange.pt\/wp-content\/uploads\/2023\/03\/Cirurgia-e-implantologia-Oral-1-1-1.svg\" title=\"Cirurgia e implantologia Oral 1 (1)\" alt=\"Cirurgia e implantologia Oral 1 (1)\" loading=\"lazy\" \/>\t\t\t\t\t\t\t\t<\/a><\/p>\n<h2><a href=\"https:\/\/lagrange.pt\/index.php\/implantologia-oral\/\">IMPLANTOLOGIA ORAL\u200b<\/a><\/h2>\n<p>\t\t\t\t\t\t\t\t\t\t\t\t\t\t\t\t<a href=\"https:\/\/lagrange.pt\/index.php\/cirurgia-oral\/\"><br \/>\n\t\t\t\t\t\t\t<img decoding=\"async\" src=\"https:\/\/lagrange.pt\/wp-content\/uploads\/2023\/03\/Dentisteria-e-Higiene-Oral-1-1.svg\" title=\"Dentisteria e Higiene Oral 1 (1)\" alt=\"Dentisteria e Higiene Oral 1 (1)\" loading=\"lazy\" \/>\t\t\t\t\t\t\t\t<\/a><\/p>\n<h2><a href=\"https:\/\/lagrange.pt\/index.php\/cirurgia-oral\/\">CIRURGIA ORAL<\/a><\/h2>\n<p>\t\t\t\t\t\t\t\t\t\t\t\t\t\t\t\t<a href=\"https:\/\/lagrange.pt\/index.php\/reabilitacao-oral\/\"><br \/>\n\t\t\t\t\t\t\t<img decoding=\"async\" src=\"https:\/\/lagrange.pt\/wp-content\/uploads\/2023\/03\/Reabilitac\u2560oa\u2560ao-Oral-1.svg\" title=\"Reabilitac\u2560\u00baa\u2560\u00e2o Oral 1\" alt=\"Reabilitac\u2560\u00baa\u2560\u00e2o Oral 1\" loading=\"lazy\" \/>\t\t\t\t\t\t\t\t<\/a><\/p>\n<h2><a href=\"https:\/\/lagrange.pt\/index.php\/reabilitacao-oral\/\">REABILITA\u00c7\u00c3O ORAL<\/a><\/h2>\n<p>\t\t\t\t\t\t\t\t\t\t\t\t\t\t\t\t<a href=\"https:\/\/lagrange.pt\/index.php\/ortodontia\/\"><br \/>\n\t\t\t\t\t\t\t<img decoding=\"async\" src=\"https:\/\/lagrange.pt\/wp-content\/uploads\/2023\/03\/Oclusa\u2560ao-1-1-1.svg\" title=\"Oclusa\u2560\u00e2o 1 (1)\" alt=\"Oclusa\u2560\u00e2o 1 (1)\" loading=\"lazy\" \/>\t\t\t\t\t\t\t\t<\/a><\/p>\n<h2><a href=\"https:\/\/lagrange.pt\/index.php\/ortodontia\/\">ORTODONTIA<\/a><\/h2>\n<p>\t\t\t\t\t\t\t\t\t\t\t\t\t\t\t\t<a href=\"https:\/\/lagrange.pt\/index.php\/endodontia\/\"><br \/>\n\t\t\t\t\t\t\t<img decoding=\"async\" src=\"https:\/\/lagrange.pt\/wp-content\/uploads\/2023\/03\/Endodontia-1.svg\" title=\"Endodontia 1\" alt=\"Endodontia 1\" loading=\"lazy\" \/>\t\t\t\t\t\t\t\t<\/a><\/p>\n<h2><a href=\"https:\/\/lagrange.pt\/index.php\/endodontia\/\">ENDODONTIA<\/a><\/h2>\n<p>\t\t\t\t\t\t\t\t\t\t\t\t\t\t\t\t<a href=\"https:\/\/lagrange.pt\/index.php\/odontopediatria\/\"><br \/>\n\t\t\t\t\t\t\t<img decoding=\"async\" src=\"https:\/\/lagrange.pt\/wp-content\/uploads\/2023\/03\/Odontopediatria-1.svg\" title=\"Odontopediatria 1\" alt=\"Odontopediatria 1\" loading=\"lazy\" \/>\t\t\t\t\t\t\t\t<\/a><\/p>\n<h2><a href=\"https:\/\/lagrange.pt\/index.php\/odontopediatria\/\">ODONTOPEDIATRIA\u200b<\/a><\/h2>\n<p>\t\t\t\t\t\t\t\t\t\t\t\t\t\t\t\t<a href=\"https:\/\/lagrange.pt\/index.php\/periodontologia\/\"><br \/>\n\t\t\t\t\t\t\t<img decoding=\"async\" src=\"https:\/\/lagrange.pt\/wp-content\/uploads\/2023\/03\/Periodontologia-1.svg\" title=\"Periodontologia 1\" alt=\"Periodontologia 1\" loading=\"lazy\" \/>\t\t\t\t\t\t\t\t<\/a><\/p>\n<h2><a href=\"https:\/\/lagrange.pt\/index.php\/periodontologia\/\">PERIODONTOLOGIA<\/a><\/h2>\n<link rel=\"stylesheet\" href=\"https:\/\/lagrange.pt\/wp-content\/plugins\/elementor-pro\/assets\/css\/widget-carousel.min.css\">\n\t\t\t\t\t\t[elementor-template id=&#8221;847&#8243;]<br \/>\n\t\t\t\t\t\t[elementor-template id=&#8221;853&#8243;]<br \/>\n\t\t\t\t\t\t[elementor-template id=&#8221;856&#8243;]<br \/>\n\t\t\t\t\t\t[elementor-template id=&#8221;859&#8243;]<br \/>\n\t\t\t\t\t\t[elementor-template id=&#8221;862&#8243;]<br \/>\n\t\t\t\t\t\t[elementor-template id=&#8221;865&#8243;]<br \/>\n\t\t\t\t\t\t[elementor-template id=&#8221;868&#8243;]<br \/>\n\t\t\t\t\t\t\t\t\t\t\t\t\t\tPrevious<br \/>\n\t\t\t\t\t\t\t\t\t\t\t\t\t\tNext<\/p>\n<h3>TESTEMUNHOS<\/h3>\n<p>\t\t\t\t\t\t\u201cEspa\u00e7o Acolhedor e Bons Profissionais. Sou Acompanhada pelo Dr Jo\u00e3o que para al\u00e9m de bom profissional tem sempre uma palavra atenciosa. Funcion\u00e1rias tamb\u00e9m prest\u00e1veis, Sala de espera com janela grande e musica ambiente.Recomendo.\u201d<br \/>\n\t\t\t\t\t\t\t\t<cite>Vania Costa Cardoso<\/cite><br \/>\n\t\t\t\t\t\t\u201cSimplesmente puro profissionalismo e flexibilidade em qualquer das situa\u00e7\u00f5es. N\u00e3o poderia deixar de recomendar.\u201d<br \/>\n\t\t\t\t\t\t\t\t<cite>Jo\u00e3o Monteiro<\/cite><br \/>\n\t\t\t\t\t\t\u201cAtendimento profissional maravilhoso, acima do padrao. Otimo espaco e com staff altamente eficiente e simpatico. Recomendo\u201d<br \/>\n\t\t\t\t\t\t\t\t<cite>Jorge Gomes<\/cite><br \/>\n\t\t\t\t\t\t\t\t\t\t\t\t\t\tPrevious<br \/>\n\t\t\t\t\t\t\t\t\t\t\t\t\t\tNext<\/p>\n<style>\/*! elementor - v3.11.5 - 14-03-2023 *\/\n.elementor-widget-google_maps .elementor-widget-container{overflow:hidden}.elementor-widget-google_maps .elementor-custom-embed{line-height:0}.elementor-widget-google_maps iframe{height:300px}<\/style>\n<p>\t\t\t<iframe loading=\"lazy\"\n\t\t\t\t\tsrc=\"https:\/\/maps.google.com\/maps?q=Av.%20%C3%81lvaro%20Pais%20n%C2%BA%2025%20%2C%201600-007%20Lisboa&#038;t=m&#038;z=14&#038;output=embed&#038;iwloc=near\"\n\t\t\t\t\ttitle=\"Av. \u00c1lvaro Pais n\u00ba 25 , 1600-007 Lisboa\"\n\t\t\t\t\taria-label=\"Av. \u00c1lvaro Pais n\u00ba 25 , 1600-007 Lisboa\"\n\t\t\t><\/iframe><\/p>\n<h2>CONTATOS<\/h2>\n<link rel=\"stylesheet\" href=\"https:\/\/lagrange.pt\/wp-content\/plugins\/elementor\/assets\/css\/widget-icon-box.min.css\">\n<h3>\n\t\t\t\t\t\tTelefones<br \/>\n\t\t\t\t<\/h3>\n<p>\n\t\t\t\t\t\t217\u00a0958\u00a0084 \/ 217\u00a0986\u00a0589 \/ 217 955 057 <BR><br \/>\n  (Chamada para a Rede Fixa Nacional)<BR>911\u00a0166 403 <BR><br \/>\n  (Chamada para a Rede M\u00f3vel Nacional)\u00a0\t\t\t\t\t<\/p>\n<p>\t\t\t\t<a href=\"mailto:geral@lagrange.pt\"><br \/>\n\t\t\t\t\t\t\t\t<\/a><\/p>\n<h3>\n\t\t\t\t\t<a href=\"mailto:geral@lagrange.pt\" ><br \/>\n\t\t\t\t\t\tE-mail\t\t\t\t\t<\/a><br \/>\n\t\t\t\t<\/h3>\n<p>\n\t\t\t\t\t\tgeral@lagrange.pt\t\t\t\t\t<\/p>\n<h3>\n\t\t\t\t\t\tMorada<br \/>\n\t\t\t\t<\/h3>\n<p>\n\t\t\t\t\t\tAv. \u00c1lvaro Pais n\u00ba 25 BC loja 1, 1600 007 Lisboa\t\t\t\t\t<\/p>\n","protected":false},"excerpt":{"rendered":"<p>La Grange Presta\u00e7\u00e3o de Cuidados de Sa\u00fade Estomatologia e Medicina Dent\u00e1ria Somos um Consult\u00f3rio M\u00e9dico na \u00e1rea da Estomatologia e Medicina Dent\u00e1ria Inscrito na ERS (Entidade Reguladora da Sa\u00fade). MARCAR CONSULTA OCLUS\u00c3O &#8211; DTM IMPLANTOLOGIA ORAL\u200b CIRURGIA ORAL REABILITA\u00c7\u00c3O ORAL ORTODONTIA ENDODONTIA ODONTOPEDIATRIA\u200b PERIODONTOLOGIA [elementor-template id=&#8221;847&#8243;] [elementor-template id=&#8221;853&#8243;] [elementor-template id=&#8221;856&#8243;] [elementor-template id=&#8221;859&#8243;] [elementor-template id=&#8221;862&#8243;] [elementor-template id=&#8221;865&#8243;] [elementor-template id=&#8221;868&#8243;] Previous Next TESTEMUNHOS \u201cEspa\u00e7o Acolhedor e Bons Profissionais. Sou Acompanhada pelo Dr Jo\u00e3o que para al\u00e9m de bom profissional tem sempre uma palavra atenciosa. Funcion\u00e1rias tamb\u00e9m prest\u00e1veis, Sala de espera com janela grande e musica ambiente.Recomendo.\u201d Vania Costa Cardoso \u201cSimplesmente puro profissionalismo e flexibilidade em qualquer das situa\u00e7\u00f5es. N\u00e3o poderia deixar de recomendar.\u201d Jo\u00e3o Monteiro \u201cAtendimento profissional maravilhoso, acima do padrao. Otimo espaco e com staff altamente eficiente e simpatico. Recomendo\u201d Jorge Gomes Previous Next CONTATOS Telefones 217\u00a0958\u00a0084 \/ 217\u00a0986\u00a0589 \/ 217 955 057 (Chamada para a Rede Fixa Nacional)911\u00a0166 403 (Chamada para a Rede M\u00f3vel Nacional)\u00a0 E-mail geral@lagrange.pt Morada Av. \u00c1lvaro Pais n\u00ba 25 BC loja 1, 1600 007 Lisboa<\/p>\n","protected":false},"author":1,"featured_media":0,"parent":0,"menu_order":0,"comment_status":"closed","ping_status":"closed","template":"elementor_header_footer","meta":{"_acf_changed":false,"_seopress_robots_primary_cat":"","_seopress_titles_title":"","_seopress_titles_desc":"","_seopress_robots_index":"","footnotes":""},"class_list":["post-8","page","type-page","status-publish","hentry","entry"],"acf":[],"_links":{"self":[{"href":"https:\/\/lagrange.pt\/index.php\/wp-json\/wp\/v2\/pages\/8","targetHints":{"allow":["GET"]}}],"collection":[{"href":"https:\/\/lagrange.pt\/index.php\/wp-json\/wp\/v2\/pages"}],"about":[{"href":"https:\/\/lagrange.pt\/index.php\/wp-json\/wp\/v2\/types\/page"}],"author":[{"embeddable":true,"href":"https:\/\/lagrange.pt\/index.php\/wp-json\/wp\/v2\/users\/1"}],"replies":[{"embeddable":true,"href":"https:\/\/lagrange.pt\/index.php\/wp-json\/wp\/v2\/comments?post=8"}],"version-history":[{"count":241,"href":"https:\/\/lagrange.pt\/index.php\/wp-json\/wp\/v2\/pages\/8\/revisions"}],"predecessor-version":[{"id":915,"href":"https:\/\/lagrange.pt\/index.php\/wp-json\/wp\/v2\/pages\/8\/revisions\/915"}],"wp:attachment":[{"href":"https:\/\/lagrange.pt\/index.php\/wp-json\/wp\/v2\/media?parent=8"}],"curies":[{"name":"wp","href":"https:\/\/api.w.org\/{rel}","templated":true}]}}